{"id":3240,"date":"2023-10-25T15:59:58","date_gmt":"2023-10-25T15:59:58","guid":{"rendered":"https:\/\/exatoseguros.pt\/?page_id=3240"},"modified":"2026-03-17T16:00:14","modified_gmt":"2026-03-17T16:00:14","slug":"people","status":"publish","type":"page","link":"https:\/\/exatoseguros.pt\/en\/empresas\/pessoas\/","title":{"rendered":"People"},"content":{"rendered":"<div data-elementor-type=\"wp-page\" data-elementor-id=\"3240\" class=\"elementor elementor-3240\" data-elementor-settings=\"{&quot;ha_cmc_init_switcher&quot;:&quot;no&quot;}\" data-elementor-post-type=\"page\">\n\t\t\t\t\t\t<section class=\"elementor-section elementor-top-section elementor-element elementor-element-64eb33f elementor-section-full_width elementor-section-height-default elementor-section-height-default\" data-id=\"64eb33f\" data-element_type=\"section\" data-e-type=\"section\" data-settings=\"{&quot;_ha_eqh_enable&quot;:false}\">\n\t\t\t\t\t\t<div class=\"elementor-container elementor-column-gap-no\">\n\t\t\t\t\t<div class=\"elementor-column elementor-col-100 elementor-top-column elementor-element elementor-element-17b15c6\" data-id=\"17b15c6\" data-element_type=\"column\" data-e-type=\"column\">\n\t\t\t<div class=\"elementor-widget-wrap elementor-element-populated\">\n\t\t\t\t\t\t<div class=\"elementor-element elementor-element-3176deb elementor-widget elementor-widget-insur-service\" data-id=\"3176deb\" data-element_type=\"widget\" data-e-type=\"widget\" data-widget_type=\"insur-service.default\">\n\t\t\t\t<div class=\"elementor-widget-container\">\n\t\t\t\t\t\r\n\t<!--Services One Start-->\r\n\t<section class=\"services-one\">\r\n\t\t<div class=\"services-one__top\">\r\n\t\t\t<div class=\"container\">\r\n\t\t\t\t<div class=\"row\">\r\n\t\t\t\t\t\t\t\t\t\t\t\t\t\t<\/div>\r\n\t\t\t<\/div>\r\n\t\t<\/div>\r\n\t\t<div class=\"services-one__bottom\">\r\n\t\t\t<div class=\"services-one__container\">\r\n\t\t\t\t<div class=\"row\">\r\n\t\t\t\t\t\t\t\t\t\t\t\t\t\t\t\t\t\t<!--Services One Single Start-->\r\n\t\t\t\t\t\t\t<div class=\"col-xl-3 col-lg-4 col-md-6 wow fadeInUp\" data-wow-delay=\"100ms\">\r\n\t\t\t\t\t\t\t\t<div class=\"services-one__single\">\r\n\t\t\t\t\t\t\t\t\t\t\t\t\t\t\t\t\t\t\t<div class=\"service-one__img\">\r\n\t\t\t\t\t\t\t\t\t\t\t<img decoding=\"async\" src=\"https:\/\/exatoseguros.pt\/wp-content\/uploads\/2023\/10\/Seguro-Empresarial-Acidentes-Pessoais.webp\" alt=\"\">\r\n\t\t\t\t\t\t\t\t\t\t<\/div>\r\n\t\t\t\t\t\t\t\t\t\t\t\t\t\t\t\t\t\t<div class=\"service-one__content\">\r\n\t\t\t\t\t\t\t\t\t\t<div class=\"services-one__icon insur-icon-svg\">\r\n\t\t\t\t\t\t\t\t\t\t\t<span aria-hidden=\"true\" class=\"icon-insurance-1\"><\/span>\t\t\t\t\t\t\t\t\t\t<\/div>\r\n\t\t\t\t\t\t\t\t\t\t<h2 class=\"service-one__title\">\r\n\t\t\t\t\t\t\t\t\t\t\t<a   href=\"https:\/\/exatoseguros.pt\/en\/companies\/people\/business-personal-accident-insurance\/\">Business Personal Accident Insurance<\/a>\r\n\t\t\t\t\t\t\t\t\t\t<\/h2>\r\n\t\t\t\t\t\t\t\t\t\t<p class=\"service-one__text\"><a href=\"https:\/\/exatoseguros.pt\/en\/companies\/people\/business-personal-accident-insurance\/\">More information<\/a><\/p>\r\n\t\t\t\t\t\t\t\t\t<\/div>\r\n\t\t\t\t\t\t\t\t<\/div>\r\n\t\t\t\t\t\t\t<\/div>\r\n\t\t\t\t\t\t\t<!--Services One Single End-->\r\n\t\t\t\t\t\t\t\t\t\t\t\t<!--Services One Single Start-->\r\n\t\t\t\t\t\t\t<div class=\"col-xl-3 col-lg-4 col-md-6 wow fadeInUp\" data-wow-delay=\"100ms\">\r\n\t\t\t\t\t\t\t\t<div class=\"services-one__single\">\r\n\t\t\t\t\t\t\t\t\t\t\t\t\t\t\t\t\t\t\t<div class=\"service-one__img\">\r\n\t\t\t\t\t\t\t\t\t\t\t<img decoding=\"async\" src=\"https:\/\/exatoseguros.pt\/wp-content\/uploads\/2023\/10\/Seguro-Acidentes-de-Trabalho.webp\" alt=\"\">\r\n\t\t\t\t\t\t\t\t\t\t<\/div>\r\n\t\t\t\t\t\t\t\t\t\t\t\t\t\t\t\t\t\t<div class=\"service-one__content\">\r\n\t\t\t\t\t\t\t\t\t\t<div class=\"services-one__icon insur-icon-svg\">\r\n\t\t\t\t\t\t\t\t\t\t\t<span aria-hidden=\"true\" class=\"icon-insurance-1\"><\/span>\t\t\t\t\t\t\t\t\t\t<\/div>\r\n\t\t\t\t\t\t\t\t\t\t<h2 class=\"service-one__title\">\r\n\t\t\t\t\t\t\t\t\t\t\t<a   href=\"https:\/\/exatoseguros.pt\/en\/companies\/people\/labour-accident-insurance\/\">Workman's Compensation Insurance<\/a>\r\n\t\t\t\t\t\t\t\t\t\t<\/h2>\r\n\t\t\t\t\t\t\t\t\t\t<p class=\"service-one__text\"><a href=\"https:\/\/exatoseguros.pt\/en\/companies\/people\/labour-accident-insurance\/\">More information<\/a><\/p>\r\n\t\t\t\t\t\t\t\t\t<\/div>\r\n\t\t\t\t\t\t\t\t<\/div>\r\n\t\t\t\t\t\t\t<\/div>\r\n\t\t\t\t\t\t\t<!--Services One Single End-->\r\n\t\t\t\t\t\t\t\t\t\t\t\t<!--Services One Single Start-->\r\n\t\t\t\t\t\t\t<div class=\"col-xl-3 col-lg-4 col-md-6 wow fadeInUp\" data-wow-delay=\"100ms\">\r\n\t\t\t\t\t\t\t\t<div class=\"services-one__single\">\r\n\t\t\t\t\t\t\t\t\t\t\t\t\t\t\t\t\t\t\t<div class=\"service-one__img\">\r\n\t\t\t\t\t\t\t\t\t\t\t<img decoding=\"async\" src=\"https:\/\/exatoseguros.pt\/wp-content\/uploads\/2024\/07\/Seguro-de-Saude-Empresarial.webp\" alt=\"\">\r\n\t\t\t\t\t\t\t\t\t\t<\/div>\r\n\t\t\t\t\t\t\t\t\t\t\t\t\t\t\t\t\t\t<div class=\"service-one__content\">\r\n\t\t\t\t\t\t\t\t\t\t<div class=\"services-one__icon insur-icon-svg\">\r\n\t\t\t\t\t\t\t\t\t\t\t<span aria-hidden=\"true\" class=\"icon-insurance-1\"><\/span>\t\t\t\t\t\t\t\t\t\t<\/div>\r\n\t\t\t\t\t\t\t\t\t\t<h2 class=\"service-one__title\">\r\n\t\t\t\t\t\t\t\t\t\t\t<a   href=\"https:\/\/exatoseguros.pt\/en\/companies\/people\/corporate-health-insurance\/\">Business Health Insurance<\/a>\r\n\t\t\t\t\t\t\t\t\t\t<\/h2>\r\n\t\t\t\t\t\t\t\t\t\t<p class=\"service-one__text\"><a href=\"https:\/\/exatoseguros.pt\/en\/companies\/people\/corporate-health-insurance\/\">More information<\/a><\/p>\r\n\t\t\t\t\t\t\t\t\t<\/div>\r\n\t\t\t\t\t\t\t\t<\/div>\r\n\t\t\t\t\t\t\t<\/div>\r\n\t\t\t\t\t\t\t<!--Services One Single End-->\r\n\t\t\t\t\t\t\t\t\t\t\t\t<!--Services One Single Start-->\r\n\t\t\t\t\t\t\t<div class=\"col-xl-3 col-lg-4 col-md-6 wow fadeInUp\" data-wow-delay=\"100ms\">\r\n\t\t\t\t\t\t\t\t<div class=\"services-one__single\">\r\n\t\t\t\t\t\t\t\t\t\t\t\t\t\t\t\t\t\t\t<div class=\"service-one__img\">\r\n\t\t\t\t\t\t\t\t\t\t\t<img decoding=\"async\" src=\"https:\/\/exatoseguros.pt\/wp-content\/uploads\/2024\/07\/Plano-de-Saude-Empresarial.webp\" alt=\"\">\r\n\t\t\t\t\t\t\t\t\t\t<\/div>\r\n\t\t\t\t\t\t\t\t\t\t\t\t\t\t\t\t\t\t<div class=\"service-one__content\">\r\n\t\t\t\t\t\t\t\t\t\t<div class=\"services-one__icon insur-icon-svg\">\r\n\t\t\t\t\t\t\t\t\t\t\t<span aria-hidden=\"true\" class=\"icon-insurance-1\"><\/span>\t\t\t\t\t\t\t\t\t\t<\/div>\r\n\t\t\t\t\t\t\t\t\t\t<h2 class=\"service-one__title\">\r\n\t\t\t\t\t\t\t\t\t\t\t<a   href=\"https:\/\/exatoseguros.pt\/en\/companies\/people\/corporate-health-plan\/\">Corporate Health Plan<\/a>\r\n\t\t\t\t\t\t\t\t\t\t<\/h2>\r\n\t\t\t\t\t\t\t\t\t\t<p class=\"service-one__text\"><a href=\"https:\/\/exatoseguros.pt\/en\/companies\/people\/corporate-health-plan\/\">More information<\/a><\/p>\r\n\t\t\t\t\t\t\t\t\t<\/div>\r\n\t\t\t\t\t\t\t\t<\/div>\r\n\t\t\t\t\t\t\t<\/div>\r\n\t\t\t\t\t\t\t<!--Services One Single End-->\r\n\t\t\t\t\t\t\t\t\t\t\t\t<!--Services One Single Start-->\r\n\t\t\t\t\t\t\t<div class=\"col-xl-3 col-lg-4 col-md-6 wow fadeInUp\" data-wow-delay=\"100ms\">\r\n\t\t\t\t\t\t\t\t<div class=\"services-one__single\">\r\n\t\t\t\t\t\t\t\t\t\t\t\t\t\t\t\t\t\t\t<div class=\"service-one__img\">\r\n\t\t\t\t\t\t\t\t\t\t\t<img decoding=\"async\" src=\"https:\/\/exatoseguros.pt\/wp-content\/uploads\/2023\/10\/Seguro-Empresarial-Vida.webp\" alt=\"\">\r\n\t\t\t\t\t\t\t\t\t\t<\/div>\r\n\t\t\t\t\t\t\t\t\t\t\t\t\t\t\t\t\t\t<div class=\"service-one__content\">\r\n\t\t\t\t\t\t\t\t\t\t<div class=\"services-one__icon insur-icon-svg\">\r\n\t\t\t\t\t\t\t\t\t\t\t<span aria-hidden=\"true\" class=\"icon-insurance-1\"><\/span>\t\t\t\t\t\t\t\t\t\t<\/div>\r\n\t\t\t\t\t\t\t\t\t\t<h2 class=\"service-one__title\">\r\n\t\t\t\t\t\t\t\t\t\t\t<a   href=\"https:\/\/exatoseguros.pt\/en\/companies\/people\/corporate-life-insurance\/\">Corporate Life Insurance<\/a>\r\n\t\t\t\t\t\t\t\t\t\t<\/h2>\r\n\t\t\t\t\t\t\t\t\t\t<p class=\"service-one__text\"><a href=\"https:\/\/exatoseguros.pt\/en\/companies\/people\/corporate-life-insurance\/\">More information<\/a><\/p>\r\n\t\t\t\t\t\t\t\t\t<\/div>\r\n\t\t\t\t\t\t\t\t<\/div>\r\n\t\t\t\t\t\t\t<\/div>\r\n\t\t\t\t\t\t\t<!--Services One Single End-->\r\n\t\t\t\t\t\t\t\t\t<\/div>\r\n\t\t\t<\/div>\r\n\t\t<\/div>\r\n\t<\/section>\r\n\t<!--Services One End-->\r\n\r\n\t\t\t\t<\/div>\n\t\t\t\t<\/div>\n\t\t\t\t\t<\/div>\n\t\t<\/div>\n\t\t\t\t\t<\/div>\n\t\t<\/section>\n\t\t\t\t<section class=\"elementor-section elementor-top-section elementor-element elementor-element-a0d702c elementor-section-full_width elementor-section-height-default elementor-section-height-default\" data-id=\"a0d702c\" data-element_type=\"section\" data-e-type=\"section\" data-settings=\"{&quot;_ha_eqh_enable&quot;:false}\">\n\t\t\t\t\t\t<div class=\"elementor-container elementor-column-gap-no\">\n\t\t\t\t\t<div class=\"elementor-column elementor-col-100 elementor-top-column elementor-element elementor-element-9197cf9\" data-id=\"9197cf9\" data-element_type=\"column\" data-e-type=\"column\">\n\t\t\t<div class=\"elementor-widget-wrap elementor-element-populated\">\n\t\t\t\t\t\t<div class=\"elementor-element elementor-element-6ab0c45 elementor-widget elementor-widget-insur-call-to-action\" data-id=\"6ab0c45\" data-element_type=\"widget\" data-e-type=\"widget\" data-widget_type=\"insur-call-to-action.default\">\n\t\t\t\t<div class=\"elementor-widget-container\">\n\t\t\t\t\t\r\n    <!--Tracking Start-->\r\n    <section class=\"tracking\">\r\n        <div class=\"container\">\r\n            <div class=\"tracking__inner\">\r\n                                    <div class=\"tracking-shape-1 float-bob-y\">\r\n                        <img decoding=\"async\" src=\"http:\/\/bracketweb.com\/insurwp\/wp-content\/uploads\/2022\/07\/tracking-shape-1.png\" alt=\"alt\">\r\n                    <\/div>\r\n                                                    <div class=\"tracking-shape-2 float-bob-x\">\r\n                        <img decoding=\"async\" src=\"http:\/\/bracketweb.com\/insurwp\/wp-content\/uploads\/2022\/07\/tracking-shape-2.png\" alt=\"\">\r\n                    <\/div>\r\n                                                    <div class=\"tracking-shape-3 float-bob-x\">\r\n                        <img decoding=\"async\" src=\"http:\/\/bracketweb.com\/insurwp\/wp-content\/uploads\/2022\/07\/tracking-shape-3.png\" alt=\"alt\">\r\n                    <\/div>\r\n                                                    <div class=\"tracking-shape-4 float-bob-y\">\r\n                        <img decoding=\"async\" src=\"http:\/\/bracketweb.com\/insurwp\/wp-content\/uploads\/2022\/07\/tracking-shape-4.png\" alt=\"alt\">\r\n                    <\/div>\r\n                                <div class=\"tracking__left\">\r\n                    <div class=\"tracking__icon insur-icon-svg\">\r\n                        <span aria-hidden=\"true\" class=\"icon-folder\"><\/span>                    <\/div>\r\n                    <div class=\"tracking__content\">\r\n                                                    <p class=\"tracking__sub-title\">Exact Insurance<\/p>\r\n                                                                            <h3 class=\"tracking__title\">Do you have any questions? Contact us<\/h3>\r\n                                            <\/div>\r\n                <\/div>\r\n                                    <div class=\"tracking__btn-box\">\r\n                        <a   href=\"https:\/\/exatoseguros.pt\/en\/contacts\/\" class=\"thm-btn tracking__btn\">Contact<\/a>\r\n                    <\/div>\r\n                            <\/div>\r\n        <\/div>\r\n    <\/section>\r\n    <!--Tracking End-->\r\n\r\n\t\t\t\t<\/div>\n\t\t\t\t<\/div>\n\t\t\t\t\t<\/div>\n\t\t<\/div>\n\t\t\t\t\t<\/div>\n\t\t<\/section>\n\t\t\t\t<\/div>","protected":false},"excerpt":{"rendered":"<p>Seguro Empresarial Acidentes Pessoais Mais informa\u00e7\u00f5es Seguro Acidentes de Trabalho Mais informa\u00e7\u00f5es Seguro de Sa\u00fade Empresarial Mais informa\u00e7\u00f5es Plano de Sa\u00fade Empresarial Mais informa\u00e7\u00f5es Seguro Vida Empresarial Mais informa\u00e7\u00f5es Exato Seguros Tem alguma quest\u00e3o? Contacte-nos Contactos<\/p>","protected":false},"author":1,"featured_media":0,"parent":3091,"menu_order":0,"comment_status":"closed","ping_status":"closed","template":"elementor_header_footer","meta":{"footnotes":""},"class_list":["post-3240","page","type-page","status-publish","hentry"],"_links":{"self":[{"href":"https:\/\/exatoseguros.pt\/en\/wp-json\/wp\/v2\/pages\/3240","targetHints":{"allow":["GET"]}}],"collection":[{"href":"https:\/\/exatoseguros.pt\/en\/wp-json\/wp\/v2\/pages"}],"about":[{"href":"https:\/\/exatoseguros.pt\/en\/wp-json\/wp\/v2\/types\/page"}],"author":[{"embeddable":true,"href":"https:\/\/exatoseguros.pt\/en\/wp-json\/wp\/v2\/users\/1"}],"replies":[{"embeddable":true,"href":"https:\/\/exatoseguros.pt\/en\/wp-json\/wp\/v2\/comments?post=3240"}],"version-history":[{"count":26,"href":"https:\/\/exatoseguros.pt\/en\/wp-json\/wp\/v2\/pages\/3240\/revisions"}],"predecessor-version":[{"id":14548,"href":"https:\/\/exatoseguros.pt\/en\/wp-json\/wp\/v2\/pages\/3240\/revisions\/14548"}],"up":[{"embeddable":true,"href":"https:\/\/exatoseguros.pt\/en\/wp-json\/wp\/v2\/pages\/3091"}],"wp:attachment":[{"href":"https:\/\/exatoseguros.pt\/en\/wp-json\/wp\/v2\/media?parent=3240"}],"curies":[{"name":"wp","href":"https:\/\/api.w.org\/{rel}","templated":true}]}}