{"id":11812,"date":"2023-11-10T15:29:34","date_gmt":"2023-11-10T15:29:34","guid":{"rendered":"https:\/\/exatoseguros.pt\/?page_id=11812"},"modified":"2025-05-30T08:43:38","modified_gmt":"2025-05-30T08:43:38","slug":"conditions-of-use-of-the-site","status":"publish","type":"page","link":"https:\/\/exatoseguros.pt\/en\/condicoes-de-utilizacao-do-site\/","title":{"rendered":"Conditions of Use of the Site"},"content":{"rendered":"<div data-elementor-type=\"wp-page\" data-elementor-id=\"11812\" class=\"elementor elementor-11812\" data-elementor-settings=\"{&quot;ha_cmc_init_switcher&quot;:&quot;no&quot;}\" data-elementor-post-type=\"page\">\n\t\t\t\t<div class=\"elementor-element elementor-element-5e84ea0 e-flex e-con-boxed e-con e-parent\" data-id=\"5e84ea0\" data-element_type=\"container\" data-e-type=\"container\" data-settings=\"{&quot;_ha_eqh_enable&quot;:false}\">\n\t\t\t\t\t<div class=\"e-con-inner\">\n\t\t<div class=\"elementor-element elementor-element-1a1fe40 e-con-full e-flex e-con e-child\" data-id=\"1a1fe40\" data-element_type=\"container\" data-e-type=\"container\" data-settings=\"{&quot;_ha_eqh_enable&quot;:false}\">\n\t\t\t\t<div class=\"elementor-element elementor-element-955ed05 elementor-widget elementor-widget-text-editor\" data-id=\"955ed05\" data-element_type=\"widget\" data-e-type=\"widget\" data-widget_type=\"text-editor.default\">\n\t\t\t\t<div class=\"elementor-widget-container\">\n\t\t\t\t\t\t\t\t\t<div class=\"entry-content\">\n<div class=\"nolwrap\">\n<div class=\"nolwrap\">\n<p><strong>Website Usage Policy<\/strong><\/p>\n<p>This <em>website<\/em> provides users with access to information, services and content, and the user assumes responsibility for their correct use and for the registration process required to access certain services or content.<\/p>\n<p>The user undertakes to make appropriate use of the information, content and services in this <em>website<\/em> and, in particular, not to carry out any action that could cause physical or logical damage to the system, and not to access it fraudulently by using unauthorised access data.<\/p>\n<p>The content of this <em>website<\/em> may not be modified or reinterpreted in such a way as to be protected under another <em>copyright<\/em>, patent, trade mark or registration of intellectual property which does not belong to the&nbsp;<strong>Exact Insurance<\/strong>.<\/p>\n<p>The information available on <em>website<\/em>&nbsp;may contain some technical inaccuracies or typographical errors. Consequently, Exato\u00ae Seguros assumes no liability whatsoever for any direct, indirect, incidental or collateral damage resulting from visiting its pages, including loss of data, loss of revenue or other income and interruption of business processes arising from the use or inability to use the information on this site. Exato Seguros also declines any responsibility for the content of third-party sites that contain links to this website. <em>website<\/em>&nbsp;and\/or can be accessed from here <em>website<\/em>.<\/p>\n<p>All the elements contained in this <em>website<\/em>, texts, photos, illustrations and others are protected by law under the Code of Copyright and Related Rights.<\/p>\n<p>It is expressly forbidden to copy, reproduce or disseminate the texts, photos, illustrations and other elements contained in this electronic edition without express authorisation from&nbsp;<strong>Exact Insurance<\/strong>, regardless of the means used, with the exception of the right to summons as defined by law.<\/p>\n<p>Commercial use of the elements contained in the electronic edition of Exato\u00ae Seguros, namely texts, photos, illustrations and others, is expressly forbidden.<\/p>\n<p>A&nbsp;<strong>Exact Insurance<\/strong> reserves the right to take legal action against the authors of any unauthorised copying, reproduction, dissemination or commercial exploitation of the elements contained herein. <em>website<\/em>, including texts, photos, illustrations and others.<\/p>\n<\/div>\n<\/div>\n<\/div>\t\t\t\t\t\t\t\t<\/div>\n\t\t\t\t<\/div>\n\t\t\t\t<\/div>\n\t\t\t\t\t<\/div>\n\t\t\t\t<\/div>\n\t\t\t\t<\/div>","protected":false},"excerpt":{"rendered":"<p>Pol\u00edtica de Utiliza\u00e7\u00e3o do Website Este website proporciona aos\/\u00e0s utilizadores\/as acesso a informa\u00e7\u00e3o, servi\u00e7os e conte\u00fados, assumindo o\/a utilizador\/a a responsabilidade pela sua correta utiliza\u00e7\u00e3o bem como pelo processo de registo que seja necess\u00e1rio para aceder a determinados servi\u00e7os ou conte\u00fados. O\/A utilizador\/a compromete-se a utilizar adequadamente a informa\u00e7\u00e3o, conte\u00fados e servi\u00e7os do presente website [&hellip;]<\/p>\n","protected":false},"author":1,"featured_media":0,"parent":0,"menu_order":0,"comment_status":"closed","ping_status":"closed","template":"elementor_header_footer","meta":{"footnotes":""},"class_list":["post-11812","page","type-page","status-publish","hentry"],"_links":{"self":[{"href":"https:\/\/exatoseguros.pt\/en\/wp-json\/wp\/v2\/pages\/11812","targetHints":{"allow":["GET"]}}],"collection":[{"href":"https:\/\/exatoseguros.pt\/en\/wp-json\/wp\/v2\/pages"}],"about":[{"href":"https:\/\/exatoseguros.pt\/en\/wp-json\/wp\/v2\/types\/page"}],"author":[{"embeddable":true,"href":"https:\/\/exatoseguros.pt\/en\/wp-json\/wp\/v2\/users\/1"}],"replies":[{"embeddable":true,"href":"https:\/\/exatoseguros.pt\/en\/wp-json\/wp\/v2\/comments?post=11812"}],"version-history":[{"count":9,"href":"https:\/\/exatoseguros.pt\/en\/wp-json\/wp\/v2\/pages\/11812\/revisions"}],"predecessor-version":[{"id":13952,"href":"https:\/\/exatoseguros.pt\/en\/wp-json\/wp\/v2\/pages\/11812\/revisions\/13952"}],"wp:attachment":[{"href":"https:\/\/exatoseguros.pt\/en\/wp-json\/wp\/v2\/media?parent=11812"}],"curies":[{"name":"wp","href":"https:\/\/api.w.org\/{rel}","templated":true}]}}